[{"id":3134,"date":"2013-06-02T14:46:20","date_gmt":"2013-06-02T10:46:20","guid":{"rendered":"http:\/\/dhwc.org\/?page_id=3134"},"modified":"2013-06-06T01:42:18","modified_gmt":"2013-06-05T21:42:18","slug":"sitemap","status":"publish","type":"page","link":"https:\/\/dhwc.org\/sitemap\/","title":{"rendered":"\u041a\u0430\u0440\u0442\u0430 \u0441\u0430\u0439\u0442\u0430"},"content":{"rendered":"<div itemscope itemtype=\"http:\/\/schema.org\/BlogPosting\"><ul id=\"sitemap_list\">\n<li class=\"cat-item cat-item-143\"><a href=\"https:\/\/dhwc.org\/ps4\/\" title=\"PS4\">PS4<\/a>\n<ul>\n\t<li class=\"post-item post-item-4262\"><a href=\"https:\/\/dhwc.org\/ps4\/schone-stellplatze-in-niedersachsen-fur-unvergessliche-camper-erlebnisse\/\" title=\"Sch\u00f6ne Stellpl\u00e4tze in Niedersachsen f\u00fcr unvergessliche Camper-Erlebnisse\">Sch\u00f6ne Stellpl\u00e4tze in Niedersachsen f\u00fcr unvergessliche Camper-Erlebnisse<\/a><\/li>\n\t<li class=\"post-item post-item-4284\"><a href=\"https:\/\/dhwc.org\/ps4\/walzenfieber-kreativitat-und-individueller-stil-in-der-grafikgestaltung-entfalten\/\" title=\"Walzenfieber \u2013 Kreativit\u00e4t und individueller Stil in der Grafikgestaltung entfalten\">Walzenfieber \u2013 Kreativit\u00e4t und individueller Stil in der Grafikgestaltung entfalten<\/a><\/li>\n\t<li class=\"post-item post-item-3381\"><a href=\"https:\/\/dhwc.org\/pc\/witcher-3-wild-hunt-na-e3\/\" title=\"Witcher 3: Wild Hunt \u043d\u0430 E3\">Witcher 3: Wild Hunt \u043d\u0430 E3<\/a><\/li>\n<\/ul>\n<\/li>\n<\/ul>\n\n<\/div>","protected":false},"excerpt":{"rendered":"<p>PS4 Sch\u00f6ne Stellpl\u00e4tze in Niedersachsen f\u00fcr unvergessliche Camper-Erlebnisse Walzenfieber \u2013 Kreativit\u00e4t und individueller Stil in der Grafikgestaltung entfalten Witcher 3: Wild Hunt \u043d\u0430 E3<\/p>\n","protected":false},"author":1,"featured_media":0,"parent":0,"menu_order":0,"comment_status":"open","ping_status":"open","template":"","meta":{"footnotes":""},"yoast_head":"<!-- This site is optimized with the Yoast SEO plugin v22.7 - https:\/\/yoast.com\/wordpress\/plugins\/seo\/ -->\n<title>\u041a\u0430\u0440\u0442\u0430 \u0441\u0430\u0439\u0442\u0430 - DhWc<\/title>\n<meta name=\"robots\" content=\"index, follow, max-snippet:-1, max-image-preview:large, max-video-preview:-1\" \/>\n<link rel=\"canonical\" href=\"https:\/\/dhwc.org\/sitemap\/\" \/>\n<meta property=\"og:locale\" content=\"ru_RU\" \/>\n<meta property=\"og:type\" content=\"article\" \/>\n<meta property=\"og:title\" content=\"\u041a\u0430\u0440\u0442\u0430 \u0441\u0430\u0439\u0442\u0430 - DhWc\" \/>\n<meta property=\"og:description\" content=\"PS4 Sch\u00f6ne Stellpl\u00e4tze in Niedersachsen f\u00fcr unvergessliche Camper-Erlebnisse Walzenfieber \u2013 Kreativit\u00e4t und individueller Stil in der Grafikgestaltung entfalten Witcher 3: Wild Hunt \u043d\u0430 E3\" \/>\n<meta property=\"og:url\" content=\"https:\/\/dhwc.org\/sitemap\/\" \/>\n<meta property=\"og:site_name\" content=\"DhWc.org\" \/>\n<meta property=\"article:modified_time\" content=\"2013-06-05T21:42:18+00:00\" \/>\n<meta name=\"twitter:card\" content=\"summary_large_image\" \/>\n<meta name=\"twitter:site\" content=\"@dhwcgamingzone\" \/>\n<script type=\"application\/ld+json\" class=\"yoast-schema-graph\">{\"@context\":\"https:\/\/schema.org\",\"@graph\":[{\"@type\":\"WebPage\",\"@id\":\"https:\/\/dhwc.org\/sitemap\/\",\"url\":\"https:\/\/dhwc.org\/sitemap\/\",\"name\":\"\u041a\u0430\u0440\u0442\u0430 \u0441\u0430\u0439\u0442\u0430 - DhWc\",\"isPartOf\":{\"@id\":\"https:\/\/dhwc.org\/#website\"},\"datePublished\":\"2013-06-02T10:46:20+00:00\",\"dateModified\":\"2013-06-05T21:42:18+00:00\",\"breadcrumb\":{\"@id\":\"https:\/\/dhwc.org\/sitemap\/#breadcrumb\"},\"inLanguage\":\"ru-RU\",\"potentialAction\":[{\"@type\":\"ReadAction\",\"target\":[\"https:\/\/dhwc.org\/sitemap\/\"]}]},{\"@type\":\"BreadcrumbList\",\"@id\":\"https:\/\/dhwc.org\/sitemap\/#breadcrumb\",\"itemListElement\":[{\"@type\":\"ListItem\",\"position\":1,\"name\":\"DhWc.org\",\"item\":\"https:\/\/dhwc.org\/\"},{\"@type\":\"ListItem\",\"position\":2,\"name\":\"\u041a\u0430\u0440\u0442\u0430 \u0441\u0430\u0439\u0442\u0430\"}]},{\"@type\":\"WebSite\",\"@id\":\"https:\/\/dhwc.org\/#website\",\"url\":\"https:\/\/dhwc.org\/\",\"name\":\"DhWc.org\",\"description\":\"\u041d\u043e\u0432\u043e\u0441\u0442\u0438 \u0438\u0433\u0440. \u041f\u043e\u0441\u043b\u0435\u0434\u043d\u0438\u0435 \u043d\u043e\u0432\u043e\u0441\u0442\u0438 \u0438\u0433\u0440\u043e\u0432\u043e\u0439 \u0438\u043d\u0434\u0443\u0441\u0442\u0440\u0438\u0438.\",\"potentialAction\":[{\"@type\":\"SearchAction\",\"target\":{\"@type\":\"EntryPoint\",\"urlTemplate\":\"https:\/\/dhwc.org\/?s={search_term_string}\"},\"query-input\":\"required name=search_term_string\"}],\"inLanguage\":\"ru-RU\"}]}<\/script>\n<!-- \/ Yoast SEO plugin. -->","yoast_head_json":{"title":"\u041a\u0430\u0440\u0442\u0430 \u0441\u0430\u0439\u0442\u0430 - DhWc","robots":{"index":"index","follow":"follow","max-snippet":"max-snippet:-1","max-image-preview":"max-image-preview:large","max-video-preview":"max-video-preview:-1"},"canonical":"https:\/\/dhwc.org\/sitemap\/","og_locale":"ru_RU","og_type":"article","og_title":"\u041a\u0430\u0440\u0442\u0430 \u0441\u0430\u0439\u0442\u0430 - DhWc","og_description":"PS4 Sch\u00f6ne Stellpl\u00e4tze in Niedersachsen f\u00fcr unvergessliche Camper-Erlebnisse Walzenfieber \u2013 Kreativit\u00e4t und individueller Stil in der Grafikgestaltung entfalten Witcher 3: Wild Hunt \u043d\u0430 E3","og_url":"https:\/\/dhwc.org\/sitemap\/","og_site_name":"DhWc.org","article_modified_time":"2013-06-05T21:42:18+00:00","twitter_card":"summary_large_image","twitter_site":"@dhwcgamingzone","schema":{"@context":"https:\/\/schema.org","@graph":[{"@type":"WebPage","@id":"https:\/\/dhwc.org\/sitemap\/","url":"https:\/\/dhwc.org\/sitemap\/","name":"\u041a\u0430\u0440\u0442\u0430 \u0441\u0430\u0439\u0442\u0430 - DhWc","isPartOf":{"@id":"https:\/\/dhwc.org\/#website"},"datePublished":"2013-06-02T10:46:20+00:00","dateModified":"2013-06-05T21:42:18+00:00","breadcrumb":{"@id":"https:\/\/dhwc.org\/sitemap\/#breadcrumb"},"inLanguage":"ru-RU","potentialAction":[{"@type":"ReadAction","target":["https:\/\/dhwc.org\/sitemap\/"]}]},{"@type":"BreadcrumbList","@id":"https:\/\/dhwc.org\/sitemap\/#breadcrumb","itemListElement":[{"@type":"ListItem","position":1,"name":"DhWc.org","item":"https:\/\/dhwc.org\/"},{"@type":"ListItem","position":2,"name":"\u041a\u0430\u0440\u0442\u0430 \u0441\u0430\u0439\u0442\u0430"}]},{"@type":"WebSite","@id":"https:\/\/dhwc.org\/#website","url":"https:\/\/dhwc.org\/","name":"DhWc.org","description":"\u041d\u043e\u0432\u043e\u0441\u0442\u0438 \u0438\u0433\u0440. \u041f\u043e\u0441\u043b\u0435\u0434\u043d\u0438\u0435 \u043d\u043e\u0432\u043e\u0441\u0442\u0438 \u0438\u0433\u0440\u043e\u0432\u043e\u0439 \u0438\u043d\u0434\u0443\u0441\u0442\u0440\u0438\u0438.","potentialAction":[{"@type":"SearchAction","target":{"@type":"EntryPoint","urlTemplate":"https:\/\/dhwc.org\/?s={search_term_string}"},"query-input":"required name=search_term_string"}],"inLanguage":"ru-RU"}]}},"_links":{"self":[{"href":"https:\/\/dhwc.org\/wp-json\/wp\/v2\/pages\/3134"}],"collection":[{"href":"https:\/\/dhwc.org\/wp-json\/wp\/v2\/pages"}],"about":[{"href":"https:\/\/dhwc.org\/wp-json\/wp\/v2\/types\/page"}],"author":[{"embeddable":true,"href":"https:\/\/dhwc.org\/wp-json\/wp\/v2\/users\/1"}],"replies":[{"embeddable":true,"href":"https:\/\/dhwc.org\/wp-json\/wp\/v2\/comments?post=3134"}],"version-history":[{"count":2,"href":"https:\/\/dhwc.org\/wp-json\/wp\/v2\/pages\/3134\/revisions"}],"predecessor-version":[{"id":3178,"href":"https:\/\/dhwc.org\/wp-json\/wp\/v2\/pages\/3134\/revisions\/3178"}],"wp:attachment":[{"href":"https:\/\/dhwc.org\/wp-json\/wp\/v2\/media?parent=3134"}],"curies":[{"name":"wp","href":"https:\/\/api.w.org\/{rel}","templated":true}]}},{"id":2645,"date":"2013-04-20T20:46:53","date_gmt":"2013-04-20T16:46:53","guid":{"rendered":"http:\/\/dhwc.org\/?page_id=2645"},"modified":"2013-04-21T00:41:10","modified_gmt":"2013-04-20T20:41:10","slug":"vacancy","status":"publish","type":"page","link":"https:\/\/dhwc.org\/vacancy\/","title":{"rendered":"\u0412\u0430\u043a\u0430\u043d\u0441\u0438\u0438"},"content":{"rendered":"<div itemscope itemtype=\"http:\/\/schema.org\/BlogPosting\"><p style=\"padding-left: 15px;\"><img loading=\"lazy\" decoding=\"async\" class=\"size-full wp-image-2649 aligncenter\" alt=\"\u0412\u0430\u043a\u0430\u043d\u0441\u0438\u0438 \u043d\u0430 \u0438\u0433\u0440\u043e\u0432\u043e\u043c \u0441\u0430\u0439\u0442\u0435\" src=\"https:\/\/dhwc.org\/wp-content\/uploads\/2013\/04\/game-site-vacancies.png\" width=\"911\" height=\"513\" srcset=\"https:\/\/dhwc.org\/wp-content\/uploads\/2013\/04\/game-site-vacancies.png 911w, https:\/\/dhwc.org\/wp-content\/uploads\/2013\/04\/game-site-vacancies-300x168.png 300w\" sizes=\"(max-width: 911px) 100vw, 911px\" \/><\/p>\n<h2>\u041a\u043e\u043d\u0442\u0435\u043d\u0442-\u043c\u0435\u043d\u0435\u0434\u0436\u0435\u0440\u044b:<\/h2>\n<p>\u0414\u0440\u0443\u0437\u044c\u044f! \u0412\u0435\u0434\u0435\u0442\u0441\u044f \u043d\u0430\u0431\u043e\u0440 \u0440\u0435\u0434\u0430\u043a\u0442\u043e\u0440\u043e\u0432, \u0436\u0443\u0440\u043d\u0430\u043b\u0438\u0441\u0442\u043e\u0432 \u0438 \u043a\u043e\u043f\u0438\u0440\u0430\u0439\u0442\u0435\u0440\u043e\u0432 \u0434\u043b\u044f \u043d\u0430\u0448\u0435\u0433\u043e \u0441\u0430\u0439\u0442\u0430. \u041d\u0435\u043e\u0431\u0445\u043e\u0434\u0438\u043c\u044b\u0435 \u043d\u0430\u0432\u044b\u043a\u0438: \u0437\u043d\u0430\u043d\u0438\u0435 \u0440\u0443\u0441\u0441\u043a\u043e\u0433\u043e \u0438 \u0430\u043d\u0433\u043b\u0438\u0439\u0441\u043a\u043e\u0433\u043e \u044f\u0437\u044b\u043a\u043e\u0432, \u0443\u043c\u0435\u043d\u0438\u0435 \u0430\u043d\u0430\u043b\u0438\u0437\u0438\u0440\u043e\u0432\u0430\u0442\u044c \u043c\u0430\u0442\u0435\u0440\u0438\u0430\u043b \u0437\u0430\u0440\u0443\u0431\u0435\u0436\u043d\u044b\u0445 \u0440\u0435\u0441\u0443\u0440\u0441\u043e\u0432. \u041e\u0431\u044f\u0437\u0430\u043d\u043d\u043e\u0441\u0442\u0438: \u043d\u0430\u043f\u0438\u0441\u0430\u043d\u0438\u0435 \u0446\u0435\u043b\u0435\u0432\u044b\u0445 \u0441\u0442\u0430\u0442\u0435\u0439. 3 \u0441\u0442\u0430\u0442\u044c\u0438 \u0432 \u0434\u0435\u043d\u044c \u0438\u0437 \u043c\u0438\u0440\u0430 \u0438\u0433\u0440\u043e\u0432\u043e\u0439 \u0438\u043d\u0434\u0443\u0441\u0442\u0440\u0438\u0438, \u043e\u0442 500 \u0441\u0438\u043c\u0432\u043e\u043b\u043e\u0432 \u0431\u0435\u0437 \u043f\u0440\u043e\u0431\u0435\u043b\u043e\u0432. \u0422\u0435\u043c\u044b \u0434\u043e\u043b\u0436\u043d\u044b \u0431\u044b\u0442\u044c \u0430\u043a\u0442\u0443\u0430\u043b\u044c\u043d\u044b\u043c\u0438 \u0438 \u0438\u043d\u0442\u0435\u0440\u0435\u0441\u043d\u044b\u043c\u0438 \u0434\u043b\u044f \u043f\u043e\u0441\u0435\u0442\u0438\u0442\u0435\u043b\u0435\u0439 (\u044d\u0442\u043e \u043e\u043f\u0440\u0435\u0434\u0435\u043b\u044f\u0435\u0442\u0441\u044f \u043f\u043e \u043a\u043e\u043b\u0438\u0447\u0435\u0441\u0442\u0432\u0443 \u0437\u0430\u043f\u0440\u043e\u0441\u043e\u0432 \u0438\u043b\u0438 \u043a\u043e\u043c\u043c\u0435\u043d\u0442\u0430\u0440\u0438\u044f\u043c \u043a \u0442\u0435\u043c\u0435). \u0421\u0442\u0430\u0442\u044c\u044f \u0434\u043e\u043b\u0436\u043d\u0430 \u0441\u043e\u0434\u0435\u0440\u0436\u0430\u0442\u044c 2 \u0438\u043b\u0438 \u0431\u043e\u043b\u0435\u0435 \u043a\u0430\u0440\u0442\u0438\u043d\u043a\u0438 + \u0432\u0438\u0434\u0435\u043e, \u0435\u0441\u043b\u0438 \u044d\u0442\u043e \u043e\u0431\u0443\u0441\u043b\u043e\u0432\u043b\u0435\u043d\u043e \u0442\u0435\u043c\u0430\u0442\u0438\u043a\u043e\u0439 \u0441\u0442\u0430\u0442\u044c\u0438. \u0417\u0430\u0434\u0430\u0447\u0430 &#8212; \u043f\u043e\u0432\u044b\u0441\u0438\u0442\u044c \u043f\u043e\u0441\u0435\u0449\u0430\u0435\u043c\u043e\u0441\u0442\u044c \u0441\u0430\u0439\u0442\u0430 \u0437\u0430 \u0441\u0447\u0451\u0442 \u043d\u0430\u043f\u043e\u043b\u043d\u0435\u043d\u0438\u044f \u0435\u0433\u043e \u043f\u043e\u043b\u0435\u0437\u043d\u044b\u043c \u0434\u043b\u044f \u043f\u043e\u043b\u044c\u0437\u043e\u0432\u0430\u0442\u0435\u043b\u044f \u043a\u043e\u043d\u0442\u0435\u043d\u0442\u043e\u043c. \u0423\u0441\u043b\u043e\u0432\u0438\u044f \u043e\u043f\u043b\u0430\u0442\u044b: \u0438\u0441\u043f\u044b\u0442\u0430\u0442\u0435\u043b\u044c\u043d\u044b\u0439 \u0441\u0440\u043e\u043a &#8212; 1 \u043c\u0435\u0441\u044f\u0446, \u0434\u0430\u043b\u0435\u0435 &#8212; 8 \u0442\u044b\u0441. \u0440\u0443\u0431\u043b\u0435\u0439 \u0432 \u043c\u0435\u0441\u044f\u0446.<\/p>\n<h2>\u0412\u0435\u0440\u0441\u0442\u0430\u043b\u044c\u0449\u0438\u043a:<\/h2>\n<p id=\"message_644\">\u0414\u043b\u044f \u043d\u0430\u0448\u0435\u0433\u043e \u043f\u0440\u043e\u0435\u043a\u0442\u0430 \u043d\u0443\u0436\u0435\u043d \u0432\u0435\u0440\u0441\u0442\u0430\u043b\u044c\u0449\u0438\u043a! \u041e\u0442 \u043d\u0435\u0433\u043e \u0442\u0440\u0435\u0431\u0443\u0435\u0442\u0441\u044f: \u0443\u0432\u0435\u0440\u0435\u043d\u043d\u043e\u0435 \u0437\u043d\u0430\u043d\u0438\u0435 \u0442\u0435\u0445\u043d\u043e\u043b\u043e\u0433\u0438\u0439 CSS, HTML. \u0416\u0435\u043b\u0430\u0442\u0435\u043b\u044c\u043d\u043e \u0437\u043d\u0430\u043d\u0438\u0435 \u043f\u0440\u043e\u0438\u0437\u0432\u043e\u0434\u043d\u044b\u0445 \u043e\u0442 \u043d\u0438\u0445 (Compass, HAML, LESS, Sass). \u0417\u043d\u0430\u043d\u0438\u0435 \u043f\u0440\u0438\u043d\u0446\u0438\u043f\u043e\u0432 \u0433\u0435\u043d\u0435\u0440\u0430\u0446\u0438\u0438 \u043a\u043e\u043d\u0442\u0435\u043d\u0442\u0430 \u0441 \u043f\u043e\u043c\u043e\u0449\u044c\u044e CMS. \u0421\u043b\u0435\u0436\u0435\u043d\u0438\u0435 \u0437\u0430 \u043d\u043e\u0432\u043e\u0432\u0432\u0435\u0434\u0435\u043d\u0438\u044f\u043c\u0438 \u0432 \u0441\u0442\u0430\u043d\u0434\u0430\u0440\u0442\u044b w3c (<a href=\"http:\/\/w3c.org\">http:<wbr \/>\/\/w3c.org<\/a>) \u0438 \u0432 \u0441\u043e\u0432\u0440\u0435\u043c\u0435\u043d\u043d\u044b\u0435 \u0431\u0440\u0430\u0443\u0437\u0435\u0440\u044b. \u041f\u043e\u043d\u0438\u043c\u0430\u043d\u0438\u0435 \u0440\u0430\u0441\u0442\u0435\u0440\u0438\u0437\u0430\u0446\u0438\u0438, \u0438\u043d\u0442\u0435\u0440\u043f\u043e\u043b\u044f\u0446\u0438\u0438 \u0438 \u0438\u0445 \u043f\u043e\u0432\u0435\u0434\u0435\u043d\u0438\u044f \u0432 \u0440\u0430\u0437\u043d\u044b\u0445 \u0431\u0440\u0430\u0443\u0437\u0435\u0440\u0430\u0445 \u0438 \u043d\u0430 \u0440\u0430\u0437\u043d\u044b\u0445 \u043e\u043f\u0435\u0440\u0430\u0446\u0438\u043e\u043d\u043d\u044b\u0445 \u0441\u0438\u0441\u0442\u0435\u043c\u0430\u0445. \u0417\u043d\u0430\u043d\u0438\u0435 \u044f\u0437\u044b\u043a\u0430 \u043f\u0440\u043e\u0433\u0440\u0430\u043c\u043c\u0438\u0440\u043e\u0432\u0430\u043d\u0438\u044f JavaScript \u043d\u0430 \u0441\u0440\u0435\u0434\u043d\u0435\u043c \u0443\u0440\u043e\u0432\u043d\u0435. \u0412\u043e\u0437\u043c\u043e\u0436\u043d\u043e \u043e\u0431\u0443\u0447\u0435\u043d\u0438\u0435 \u0437\u0430 \u043d\u0430\u0448 \u0441\u0447\u0435\u0442.<\/p>\n<p style=\"text-align: center;\">[vfb id=2]<\/p>\n<\/div>","protected":false},"excerpt":{"rendered":"<p>\u041a\u043e\u043d\u0442\u0435\u043d\u0442-\u043c\u0435\u043d\u0435\u0434\u0436\u0435\u0440\u044b: \u0414\u0440\u0443\u0437\u044c\u044f! \u0412\u0435\u0434\u0435\u0442\u0441\u044f \u043d\u0430\u0431\u043e\u0440 \u0440\u0435\u0434\u0430\u043a\u0442\u043e\u0440\u043e\u0432, \u0436\u0443\u0440\u043d\u0430\u043b\u0438\u0441\u0442\u043e\u0432 \u0438 \u043a\u043e\u043f\u0438\u0440\u0430\u0439\u0442\u0435\u0440\u043e\u0432 \u0434\u043b\u044f \u043d\u0430\u0448\u0435\u0433\u043e \u0441\u0430\u0439\u0442\u0430. \u041d\u0435\u043e\u0431\u0445\u043e\u0434\u0438\u043c\u044b\u0435 \u043d\u0430\u0432\u044b\u043a\u0438: \u0437\u043d\u0430\u043d\u0438\u0435 \u0440\u0443\u0441\u0441\u043a\u043e\u0433\u043e \u0438 \u0430\u043d\u0433\u043b\u0438\u0439\u0441\u043a\u043e\u0433\u043e \u044f\u0437\u044b\u043a\u043e\u0432, \u0443\u043c\u0435\u043d\u0438\u0435 \u0430\u043d\u0430\u043b\u0438\u0437\u0438\u0440\u043e\u0432\u0430\u0442\u044c \u043c\u0430\u0442\u0435\u0440\u0438\u0430\u043b \u0437\u0430\u0440\u0443\u0431\u0435\u0436\u043d\u044b\u0445 \u0440\u0435\u0441\u0443\u0440\u0441\u043e\u0432. \u041e\u0431\u044f\u0437\u0430\u043d\u043d\u043e\u0441\u0442\u0438: \u043d\u0430\u043f\u0438\u0441\u0430\u043d\u0438\u0435 [&hellip;]<\/p>\n","protected":false},"author":1,"featured_media":0,"parent":0,"menu_order":0,"comment_status":"open","ping_status":"open","template":"","meta":{"footnotes":""},"yoast_head":"<!-- This site is optimized with the Yoast SEO plugin v22.7 - https:\/\/yoast.com\/wordpress\/plugins\/seo\/ -->\n<title>\u0412\u0430\u043a\u0430\u043d\u0441\u0438\u0438 - DhWc<\/title>\n<meta name=\"robots\" content=\"index, follow, max-snippet:-1, max-image-preview:large, max-video-preview:-1\" \/>\n<link rel=\"canonical\" href=\"https:\/\/dhwc.org\/vacancy\/\" \/>\n<meta property=\"og:locale\" content=\"ru_RU\" \/>\n<meta property=\"og:type\" content=\"article\" \/>\n<meta property=\"og:title\" content=\"\u0412\u0430\u043a\u0430\u043d\u0441\u0438\u0438 - DhWc\" \/>\n<meta property=\"og:description\" content=\"\u041a\u043e\u043d\u0442\u0435\u043d\u0442-\u043c\u0435\u043d\u0435\u0434\u0436\u0435\u0440\u044b: \u0414\u0440\u0443\u0437\u044c\u044f! \u0412\u0435\u0434\u0435\u0442\u0441\u044f \u043d\u0430\u0431\u043e\u0440 \u0440\u0435\u0434\u0430\u043a\u0442\u043e\u0440\u043e\u0432, \u0436\u0443\u0440\u043d\u0430\u043b\u0438\u0441\u0442\u043e\u0432 \u0438 \u043a\u043e\u043f\u0438\u0440\u0430\u0439\u0442\u0435\u0440\u043e\u0432 \u0434\u043b\u044f \u043d\u0430\u0448\u0435\u0433\u043e \u0441\u0430\u0439\u0442\u0430. \u041d\u0435\u043e\u0431\u0445\u043e\u0434\u0438\u043c\u044b\u0435 \u043d\u0430\u0432\u044b\u043a\u0438: \u0437\u043d\u0430\u043d\u0438\u0435 \u0440\u0443\u0441\u0441\u043a\u043e\u0433\u043e \u0438 \u0430\u043d\u0433\u043b\u0438\u0439\u0441\u043a\u043e\u0433\u043e \u044f\u0437\u044b\u043a\u043e\u0432, \u0443\u043c\u0435\u043d\u0438\u0435 \u0430\u043d\u0430\u043b\u0438\u0437\u0438\u0440\u043e\u0432\u0430\u0442\u044c \u043c\u0430\u0442\u0435\u0440\u0438\u0430\u043b \u0437\u0430\u0440\u0443\u0431\u0435\u0436\u043d\u044b\u0445 \u0440\u0435\u0441\u0443\u0440\u0441\u043e\u0432. \u041e\u0431\u044f\u0437\u0430\u043d\u043d\u043e\u0441\u0442\u0438: \u043d\u0430\u043f\u0438\u0441\u0430\u043d\u0438\u0435 [&hellip;]\" \/>\n<meta property=\"og:url\" content=\"https:\/\/dhwc.org\/vacancy\/\" \/>\n<meta property=\"og:site_name\" content=\"DhWc.org\" \/>\n<meta property=\"article:modified_time\" content=\"2013-04-20T20:41:10+00:00\" \/>\n<meta property=\"og:image\" content=\"http:\/\/dhwc.org\/wp-content\/uploads\/2013\/04\/game-site-vacancies.png\" \/>\n<meta name=\"twitter:card\" content=\"summary_large_image\" \/>\n<meta name=\"twitter:site\" content=\"@dhwcgamingzone\" \/>\n<script type=\"application\/ld+json\" class=\"yoast-schema-graph\">{\"@context\":\"https:\/\/schema.org\",\"@graph\":[{\"@type\":\"WebPage\",\"@id\":\"https:\/\/dhwc.org\/vacancy\/\",\"url\":\"https:\/\/dhwc.org\/vacancy\/\",\"name\":\"\u0412\u0430\u043a\u0430\u043d\u0441\u0438\u0438 - DhWc\",\"isPartOf\":{\"@id\":\"https:\/\/dhwc.org\/#website\"},\"primaryImageOfPage\":{\"@id\":\"https:\/\/dhwc.org\/vacancy\/#primaryimage\"},\"image\":{\"@id\":\"https:\/\/dhwc.org\/vacancy\/#primaryimage\"},\"thumbnailUrl\":\"http:\/\/dhwc.org\/wp-content\/uploads\/2013\/04\/game-site-vacancies.png\",\"datePublished\":\"2013-04-20T16:46:53+00:00\",\"dateModified\":\"2013-04-20T20:41:10+00:00\",\"breadcrumb\":{\"@id\":\"https:\/\/dhwc.org\/vacancy\/#breadcrumb\"},\"inLanguage\":\"ru-RU\",\"potentialAction\":[{\"@type\":\"ReadAction\",\"target\":[\"https:\/\/dhwc.org\/vacancy\/\"]}]},{\"@type\":\"ImageObject\",\"inLanguage\":\"ru-RU\",\"@id\":\"https:\/\/dhwc.org\/vacancy\/#primaryimage\",\"url\":\"http:\/\/dhwc.org\/wp-content\/uploads\/2013\/04\/game-site-vacancies.png\",\"contentUrl\":\"http:\/\/dhwc.org\/wp-content\/uploads\/2013\/04\/game-site-vacancies.png\"},{\"@type\":\"BreadcrumbList\",\"@id\":\"https:\/\/dhwc.org\/vacancy\/#breadcrumb\",\"itemListElement\":[{\"@type\":\"ListItem\",\"position\":1,\"name\":\"DhWc.org\",\"item\":\"https:\/\/dhwc.org\/\"},{\"@type\":\"ListItem\",\"position\":2,\"name\":\"\u0412\u0430\u043a\u0430\u043d\u0441\u0438\u0438\"}]},{\"@type\":\"WebSite\",\"@id\":\"https:\/\/dhwc.org\/#website\",\"url\":\"https:\/\/dhwc.org\/\",\"name\":\"DhWc.org\",\"description\":\"\u041d\u043e\u0432\u043e\u0441\u0442\u0438 \u0438\u0433\u0440. \u041f\u043e\u0441\u043b\u0435\u0434\u043d\u0438\u0435 \u043d\u043e\u0432\u043e\u0441\u0442\u0438 \u0438\u0433\u0440\u043e\u0432\u043e\u0439 \u0438\u043d\u0434\u0443\u0441\u0442\u0440\u0438\u0438.\",\"potentialAction\":[{\"@type\":\"SearchAction\",\"target\":{\"@type\":\"EntryPoint\",\"urlTemplate\":\"https:\/\/dhwc.org\/?s={search_term_string}\"},\"query-input\":\"required name=search_term_string\"}],\"inLanguage\":\"ru-RU\"}]}<\/script>\n<!-- \/ Yoast SEO plugin. -->","yoast_head_json":{"title":"\u0412\u0430\u043a\u0430\u043d\u0441\u0438\u0438 - DhWc","robots":{"index":"index","follow":"follow","max-snippet":"max-snippet:-1","max-image-preview":"max-image-preview:large","max-video-preview":"max-video-preview:-1"},"canonical":"https:\/\/dhwc.org\/vacancy\/","og_locale":"ru_RU","og_type":"article","og_title":"\u0412\u0430\u043a\u0430\u043d\u0441\u0438\u0438 - DhWc","og_description":"\u041a\u043e\u043d\u0442\u0435\u043d\u0442-\u043c\u0435\u043d\u0435\u0434\u0436\u0435\u0440\u044b: \u0414\u0440\u0443\u0437\u044c\u044f! \u0412\u0435\u0434\u0435\u0442\u0441\u044f \u043d\u0430\u0431\u043e\u0440 \u0440\u0435\u0434\u0430\u043a\u0442\u043e\u0440\u043e\u0432, \u0436\u0443\u0440\u043d\u0430\u043b\u0438\u0441\u0442\u043e\u0432 \u0438 \u043a\u043e\u043f\u0438\u0440\u0430\u0439\u0442\u0435\u0440\u043e\u0432 \u0434\u043b\u044f \u043d\u0430\u0448\u0435\u0433\u043e \u0441\u0430\u0439\u0442\u0430. \u041d\u0435\u043e\u0431\u0445\u043e\u0434\u0438\u043c\u044b\u0435 \u043d\u0430\u0432\u044b\u043a\u0438: \u0437\u043d\u0430\u043d\u0438\u0435 \u0440\u0443\u0441\u0441\u043a\u043e\u0433\u043e \u0438 \u0430\u043d\u0433\u043b\u0438\u0439\u0441\u043a\u043e\u0433\u043e \u044f\u0437\u044b\u043a\u043e\u0432, \u0443\u043c\u0435\u043d\u0438\u0435 \u0430\u043d\u0430\u043b\u0438\u0437\u0438\u0440\u043e\u0432\u0430\u0442\u044c \u043c\u0430\u0442\u0435\u0440\u0438\u0430\u043b \u0437\u0430\u0440\u0443\u0431\u0435\u0436\u043d\u044b\u0445 \u0440\u0435\u0441\u0443\u0440\u0441\u043e\u0432. \u041e\u0431\u044f\u0437\u0430\u043d\u043d\u043e\u0441\u0442\u0438: \u043d\u0430\u043f\u0438\u0441\u0430\u043d\u0438\u0435 [&hellip;]","og_url":"https:\/\/dhwc.org\/vacancy\/","og_site_name":"DhWc.org","article_modified_time":"2013-04-20T20:41:10+00:00","og_image":[{"url":"http:\/\/dhwc.org\/wp-content\/uploads\/2013\/04\/game-site-vacancies.png"}],"twitter_card":"summary_large_image","twitter_site":"@dhwcgamingzone","schema":{"@context":"https:\/\/schema.org","@graph":[{"@type":"WebPage","@id":"https:\/\/dhwc.org\/vacancy\/","url":"https:\/\/dhwc.org\/vacancy\/","name":"\u0412\u0430\u043a\u0430\u043d\u0441\u0438\u0438 - DhWc","isPartOf":{"@id":"https:\/\/dhwc.org\/#website"},"primaryImageOfPage":{"@id":"https:\/\/dhwc.org\/vacancy\/#primaryimage"},"image":{"@id":"https:\/\/dhwc.org\/vacancy\/#primaryimage"},"thumbnailUrl":"http:\/\/dhwc.org\/wp-content\/uploads\/2013\/04\/game-site-vacancies.png","datePublished":"2013-04-20T16:46:53+00:00","dateModified":"2013-04-20T20:41:10+00:00","breadcrumb":{"@id":"https:\/\/dhwc.org\/vacancy\/#breadcrumb"},"inLanguage":"ru-RU","potentialAction":[{"@type":"ReadAction","target":["https:\/\/dhwc.org\/vacancy\/"]}]},{"@type":"ImageObject","inLanguage":"ru-RU","@id":"https:\/\/dhwc.org\/vacancy\/#primaryimage","url":"http:\/\/dhwc.org\/wp-content\/uploads\/2013\/04\/game-site-vacancies.png","contentUrl":"http:\/\/dhwc.org\/wp-content\/uploads\/2013\/04\/game-site-vacancies.png"},{"@type":"BreadcrumbList","@id":"https:\/\/dhwc.org\/vacancy\/#breadcrumb","itemListElement":[{"@type":"ListItem","position":1,"name":"DhWc.org","item":"https:\/\/dhwc.org\/"},{"@type":"ListItem","position":2,"name":"\u0412\u0430\u043a\u0430\u043d\u0441\u0438\u0438"}]},{"@type":"WebSite","@id":"https:\/\/dhwc.org\/#website","url":"https:\/\/dhwc.org\/","name":"DhWc.org","description":"\u041d\u043e\u0432\u043e\u0441\u0442\u0438 \u0438\u0433\u0440. \u041f\u043e\u0441\u043b\u0435\u0434\u043d\u0438\u0435 \u043d\u043e\u0432\u043e\u0441\u0442\u0438 \u0438\u0433\u0440\u043e\u0432\u043e\u0439 \u0438\u043d\u0434\u0443\u0441\u0442\u0440\u0438\u0438.","potentialAction":[{"@type":"SearchAction","target":{"@type":"EntryPoint","urlTemplate":"https:\/\/dhwc.org\/?s={search_term_string}"},"query-input":"required name=search_term_string"}],"inLanguage":"ru-RU"}]}},"_links":{"self":[{"href":"https:\/\/dhwc.org\/wp-json\/wp\/v2\/pages\/2645"}],"collection":[{"href":"https:\/\/dhwc.org\/wp-json\/wp\/v2\/pages"}],"about":[{"href":"https:\/\/dhwc.org\/wp-json\/wp\/v2\/types\/page"}],"author":[{"embeddable":true,"href":"https:\/\/dhwc.org\/wp-json\/wp\/v2\/users\/1"}],"replies":[{"embeddable":true,"href":"https:\/\/dhwc.org\/wp-json\/wp\/v2\/comments?post=2645"}],"version-history":[{"count":25,"href":"https:\/\/dhwc.org\/wp-json\/wp\/v2\/pages\/2645\/revisions"}],"predecessor-version":[{"id":2669,"href":"https:\/\/dhwc.org\/wp-json\/wp\/v2\/pages\/2645\/revisions\/2669"}],"wp:attachment":[{"href":"https:\/\/dhwc.org\/wp-json\/wp\/v2\/media?parent=2645"}],"curies":[{"name":"wp","href":"https:\/\/api.w.org\/{rel}","templated":true}]}}]